{"id":25,"date":"2024-09-23T11:38:53","date_gmt":"2024-09-23T09:38:53","guid":{"rendered":"http:\/\/bip1.sanatoria-dolnoslaskie.pl\/?page_id=25"},"modified":"2024-12-27T07:46:23","modified_gmt":"2024-12-27T06:46:23","slug":"dostepnosc-dla-osob-ze-szczegolnymi-potrzebami","status":"publish","type":"page","link":"http:\/\/bip.sanatoria-dolnoslaskie.pl\/?page_id=25","title":{"rendered":"Dost\u0119pno\u015b\u0107 dla os\u00f3b ze szczeg\u00f3lnymi potrzebami"},"content":{"rendered":"\n<p><strong>Raport o stanie dost\u0119pno\u015bci dla os\u00f3b ze szczeg\u00f3lnymi potrzebami do pobrania <a href=\"https:\/\/bip.sanatoria-dolnoslaskie.pl\/download\/dok\/Raport_o_stanie_zapewniania_dost\u0119pno\u015bci_Sanatoria Dolno\u015bl\u0105skie Sp. z o.o..pdf\" target=\"_blank\" rel=\"noreferrer noopener\">TUTAJ!<\/a>.<\/strong><\/p>\n","protected":false},"excerpt":{"rendered":"<p>Raport o stanie dost\u0119pno\u015bci dla os\u00f3b ze szczeg\u00f3lnymi potrzebami do pobrania TUTAJ!.<\/p>\n","protected":false},"author":1,"featured_media":0,"parent":0,"menu_order":0,"comment_status":"closed","ping_status":"closed","template":"","meta":{"footnotes":""},"class_list":["post-25","page","type-page","status-publish","hentry"],"yoast_head":"<!-- This site is optimized with the Yoast SEO plugin v27.4 - https:\/\/yoast.com\/product\/yoast-seo-wordpress\/ -->\n<title>Dost\u0119pno\u015b\u0107 dla os\u00f3b ze szczeg\u00f3lnymi potrzebami - Sanatoria Dolno\u015bl\u0105skie - BIP<\/title>\n<meta name=\"robots\" content=\"index, follow, max-snippet:-1, max-image-preview:large, max-video-preview:-1\" \/>\n<link rel=\"canonical\" href=\"http:\/\/bip.sanatoria-dolnoslaskie.pl\/?page_id=25\" \/>\n<meta property=\"og:locale\" content=\"pl_PL\" \/>\n<meta property=\"og:type\" content=\"article\" \/>\n<meta property=\"og:title\" content=\"Dost\u0119pno\u015b\u0107 dla os\u00f3b ze szczeg\u00f3lnymi potrzebami - Sanatoria Dolno\u015bl\u0105skie - BIP\" \/>\n<meta property=\"og:description\" content=\"Raport o stanie dost\u0119pno\u015bci dla os\u00f3b ze szczeg\u00f3lnymi potrzebami do pobrania TUTAJ!.\" \/>\n<meta property=\"og:url\" content=\"http:\/\/bip.sanatoria-dolnoslaskie.pl\/?page_id=25\" \/>\n<meta property=\"og:site_name\" content=\"Sanatoria Dolno\u015bl\u0105skie - BIP\" \/>\n<meta property=\"article:modified_time\" content=\"2024-12-27T06:46:23+00:00\" \/>\n<meta name=\"twitter:card\" content=\"summary_large_image\" \/>\n<meta name=\"twitter:label1\" content=\"Szacowany czas czytania\" \/>\n\t<meta name=\"twitter:data1\" content=\"1 minuta\" \/>\n<script type=\"application\/ld+json\" class=\"yoast-schema-graph\">{\"@context\":\"https:\\\/\\\/schema.org\",\"@graph\":[{\"@type\":\"WebPage\",\"@id\":\"http:\\\/\\\/bip.sanatoria-dolnoslaskie.pl\\\/?page_id=25\",\"url\":\"http:\\\/\\\/bip.sanatoria-dolnoslaskie.pl\\\/?page_id=25\",\"name\":\"Dost\u0119pno\u015b\u0107 dla os\u00f3b ze szczeg\u00f3lnymi potrzebami - Sanatoria Dolno\u015bl\u0105skie - BIP\",\"isPartOf\":{\"@id\":\"http:\\\/\\\/bip.sanatoria-dolnoslaskie.pl\\\/#website\"},\"datePublished\":\"2024-09-23T09:38:53+00:00\",\"dateModified\":\"2024-12-27T06:46:23+00:00\",\"breadcrumb\":{\"@id\":\"http:\\\/\\\/bip.sanatoria-dolnoslaskie.pl\\\/?page_id=25#breadcrumb\"},\"inLanguage\":\"pl-PL\",\"potentialAction\":[{\"@type\":\"ReadAction\",\"target\":[\"http:\\\/\\\/bip.sanatoria-dolnoslaskie.pl\\\/?page_id=25\"]}]},{\"@type\":\"BreadcrumbList\",\"@id\":\"http:\\\/\\\/bip.sanatoria-dolnoslaskie.pl\\\/?page_id=25#breadcrumb\",\"itemListElement\":[{\"@type\":\"ListItem\",\"position\":1,\"name\":\"Home\",\"item\":\"http:\\\/\\\/bip.sanatoria-dolnoslaskie.pl\\\/\"},{\"@type\":\"ListItem\",\"position\":2,\"name\":\"Dost\u0119pno\u015b\u0107 dla os\u00f3b ze szczeg\u00f3lnymi potrzebami\"}]},{\"@type\":\"WebSite\",\"@id\":\"http:\\\/\\\/bip.sanatoria-dolnoslaskie.pl\\\/#website\",\"url\":\"http:\\\/\\\/bip.sanatoria-dolnoslaskie.pl\\\/\",\"name\":\"Sanatoria Dolno\u015bl\u0105skie - BIP\",\"description\":\"\",\"potentialAction\":[{\"@type\":\"SearchAction\",\"target\":{\"@type\":\"EntryPoint\",\"urlTemplate\":\"http:\\\/\\\/bip.sanatoria-dolnoslaskie.pl\\\/?s={search_term_string}\"},\"query-input\":{\"@type\":\"PropertyValueSpecification\",\"valueRequired\":true,\"valueName\":\"search_term_string\"}}],\"inLanguage\":\"pl-PL\"}]}<\/script>\n<!-- \/ Yoast SEO plugin. -->","yoast_head_json":{"title":"Dost\u0119pno\u015b\u0107 dla os\u00f3b ze szczeg\u00f3lnymi potrzebami - Sanatoria Dolno\u015bl\u0105skie - BIP","robots":{"index":"index","follow":"follow","max-snippet":"max-snippet:-1","max-image-preview":"max-image-preview:large","max-video-preview":"max-video-preview:-1"},"canonical":"http:\/\/bip.sanatoria-dolnoslaskie.pl\/?page_id=25","og_locale":"pl_PL","og_type":"article","og_title":"Dost\u0119pno\u015b\u0107 dla os\u00f3b ze szczeg\u00f3lnymi potrzebami - Sanatoria Dolno\u015bl\u0105skie - BIP","og_description":"Raport o stanie dost\u0119pno\u015bci dla os\u00f3b ze szczeg\u00f3lnymi potrzebami do pobrania TUTAJ!.","og_url":"http:\/\/bip.sanatoria-dolnoslaskie.pl\/?page_id=25","og_site_name":"Sanatoria Dolno\u015bl\u0105skie - BIP","article_modified_time":"2024-12-27T06:46:23+00:00","twitter_card":"summary_large_image","twitter_misc":{"Szacowany czas czytania":"1 minuta"},"schema":{"@context":"https:\/\/schema.org","@graph":[{"@type":"WebPage","@id":"http:\/\/bip.sanatoria-dolnoslaskie.pl\/?page_id=25","url":"http:\/\/bip.sanatoria-dolnoslaskie.pl\/?page_id=25","name":"Dost\u0119pno\u015b\u0107 dla os\u00f3b ze szczeg\u00f3lnymi potrzebami - Sanatoria Dolno\u015bl\u0105skie - BIP","isPartOf":{"@id":"http:\/\/bip.sanatoria-dolnoslaskie.pl\/#website"},"datePublished":"2024-09-23T09:38:53+00:00","dateModified":"2024-12-27T06:46:23+00:00","breadcrumb":{"@id":"http:\/\/bip.sanatoria-dolnoslaskie.pl\/?page_id=25#breadcrumb"},"inLanguage":"pl-PL","potentialAction":[{"@type":"ReadAction","target":["http:\/\/bip.sanatoria-dolnoslaskie.pl\/?page_id=25"]}]},{"@type":"BreadcrumbList","@id":"http:\/\/bip.sanatoria-dolnoslaskie.pl\/?page_id=25#breadcrumb","itemListElement":[{"@type":"ListItem","position":1,"name":"Home","item":"http:\/\/bip.sanatoria-dolnoslaskie.pl\/"},{"@type":"ListItem","position":2,"name":"Dost\u0119pno\u015b\u0107 dla os\u00f3b ze szczeg\u00f3lnymi potrzebami"}]},{"@type":"WebSite","@id":"http:\/\/bip.sanatoria-dolnoslaskie.pl\/#website","url":"http:\/\/bip.sanatoria-dolnoslaskie.pl\/","name":"Sanatoria Dolno\u015bl\u0105skie - BIP","description":"","potentialAction":[{"@type":"SearchAction","target":{"@type":"EntryPoint","urlTemplate":"http:\/\/bip.sanatoria-dolnoslaskie.pl\/?s={search_term_string}"},"query-input":{"@type":"PropertyValueSpecification","valueRequired":true,"valueName":"search_term_string"}}],"inLanguage":"pl-PL"}]}},"_links":{"self":[{"href":"http:\/\/bip.sanatoria-dolnoslaskie.pl\/index.php?rest_route=\/wp\/v2\/pages\/25","targetHints":{"allow":["GET"]}}],"collection":[{"href":"http:\/\/bip.sanatoria-dolnoslaskie.pl\/index.php?rest_route=\/wp\/v2\/pages"}],"about":[{"href":"http:\/\/bip.sanatoria-dolnoslaskie.pl\/index.php?rest_route=\/wp\/v2\/types\/page"}],"author":[{"embeddable":true,"href":"http:\/\/bip.sanatoria-dolnoslaskie.pl\/index.php?rest_route=\/wp\/v2\/users\/1"}],"replies":[{"embeddable":true,"href":"http:\/\/bip.sanatoria-dolnoslaskie.pl\/index.php?rest_route=%2Fwp%2Fv2%2Fcomments&post=25"}],"version-history":[{"count":3,"href":"http:\/\/bip.sanatoria-dolnoslaskie.pl\/index.php?rest_route=\/wp\/v2\/pages\/25\/revisions"}],"predecessor-version":[{"id":144,"href":"http:\/\/bip.sanatoria-dolnoslaskie.pl\/index.php?rest_route=\/wp\/v2\/pages\/25\/revisions\/144"}],"wp:attachment":[{"href":"http:\/\/bip.sanatoria-dolnoslaskie.pl\/index.php?rest_route=%2Fwp%2Fv2%2Fmedia&parent=25"}],"curies":[{"name":"wp","href":"https:\/\/api.w.org\/{rel}","templated":true}]}}