{"id":20,"date":"2024-09-23T11:38:52","date_gmt":"2024-09-23T09:38:52","guid":{"rendered":"http:\/\/bip1.sanatoria-dolnoslaskie.pl\/?page_id=20"},"modified":"2024-09-23T12:27:22","modified_gmt":"2024-09-23T10:27:22","slug":"przedmiot-dzialalnosci","status":"publish","type":"page","link":"https:\/\/bip.sanatoria-dolnoslaskie.pl\/?page_id=20","title":{"rendered":"Przedmiot dzia\u0142alno\u015bci"},"content":{"rendered":"\n<p>Podstawowym celem dzia\u0142alno\u015bci Sp\u00f3\u0142ki jest udzielenie \u015bwiadcze\u0144 zdrowotnych polegaj\u0105cych na: zachowaniu, ratowaniu, przywracaniu i poprawie zdrowia pacjent\u00f3w oraz na promocji zdrowia, kt\u00f3rej celem jest umo\u017cliwienie spo\u0142ecze\u0144stwu zwi\u0119kszenie kontroli nad czynnikami warunkuj\u0105cymi stan zdrowia i przez to jego popraw\u0119, promowaniem zdrowego stylu \u017cycia oraz \u015brodowiskowych i indywidualnych czynnik\u00f3w sprzyjaj\u0105cych zdrowiu.<\/p>\n\n\n\n<p><strong>Sp\u00f3\u0142ka wpisana jest do rejestru Podmiot\u00f3w Leczniczych przez Wojewod\u0119 Dolno\u015bl\u0105skiego<\/strong><\/p>\n\n\n\n<p><strong>pod nr 000000001919.<\/strong><\/p>\n\n\n\n<p>Szczeg\u00f3\u0142owym przedmiotem przedsi\u0119biorstwa Sp\u00f3\u0142ki, opisanym w Umowie Sp\u00f3\u0142ki, usystematyzowanym w oparciu o Polsk\u0105 Klasyfikacj\u0119 Dzia\u0142alno\u015bci (PKD) jest:<\/p>\n\n\n\n<ul class=\"wp-block-list\">\n<li>Dzia\u0142alno\u015b\u0107 Szpitali PKD 86.10;<\/li>\n\n\n\n<li>Pomoc spo\u0142eczn\u0105 z zakwaterowaniem zapewniaj\u0105c\u0105 opiek\u0119 piel\u0119gniarsk\u0105 PKD 87.10 Z;<\/li>\n\n\n\n<li>Dzia\u0142alno\u015b\u0107 fizjoterapeutyczn\u0105 PKD 86.90 A;<\/li>\n\n\n\n<li>Prowadzenie dzia\u0142alno\u015bci hotelowej i innej zwi\u0105zanej z zakwaterowaniem PKD 55.20 Z,<\/li>\n\n\n\n<li>Pozosta\u0142e pozaszkolne formy edukacji gdzie indziej niesklasyfikowane PKD 85.59 B;<\/li>\n\n\n\n<li>Us\u0142ugi \u017cywieniowe PKD 56.29 Z;<\/li>\n\n\n\n<li>Wynajem, zarz\u0105dzanie nieruchomo\u015bciami w\u0142asnymi lub dzier\u017cawionymi PKD 68.20 Z;<\/li>\n\n\n\n<li>Sprzeda\u017c detaliczna prowadzona w niewyspecjalizowanych sklepach PKD 47.11 Z.<\/li>\n<\/ul>\n","protected":false},"excerpt":{"rendered":"<p>Podstawowym celem dzia\u0142alno\u015bci Sp\u00f3\u0142ki jest udzielenie \u015bwiadcze\u0144 zdrowotnych polegaj\u0105cych na: zachowaniu, ratowaniu, przywracaniu i poprawie zdrowia pacjent\u00f3w oraz na promocji zdrowia, kt\u00f3rej celem jest umo\u017cliwienie spo\u0142ecze\u0144stwu zwi\u0119kszenie kontroli nad czynnikami warunkuj\u0105cymi stan zdrowia i przez to jego popraw\u0119, promowaniem zdrowego&#8230; <a href=\"https:\/\/bip.sanatoria-dolnoslaskie.pl\/?page_id=20\" class=\"readmore\">Dowiedz si\u0119 wi\u0119cej<span class=\"screen-reader-text\">Przedmiot dzia\u0142alno\u015bci<\/span><span class=\"fa fa-angle-double-right\" aria-hidden=\"true\"><\/span><\/a><\/p>\n","protected":false},"author":1,"featured_media":0,"parent":0,"menu_order":0,"comment_status":"closed","ping_status":"closed","template":"","meta":{"footnotes":""},"class_list":["post-20","page","type-page","status-publish","hentry"],"yoast_head":"<!-- This site is optimized with the Yoast SEO plugin v27.6 - https:\/\/yoast.com\/product\/yoast-seo-wordpress\/ -->\n<title>Przedmiot dzia\u0142alno\u015bci - Sanatoria Dolno\u015bl\u0105skie - BIP<\/title>\n<meta name=\"robots\" content=\"index, follow, max-snippet:-1, max-image-preview:large, max-video-preview:-1\" \/>\n<link rel=\"canonical\" href=\"https:\/\/bip.sanatoria-dolnoslaskie.pl\/?page_id=20\" \/>\n<meta property=\"og:locale\" content=\"pl_PL\" \/>\n<meta property=\"og:type\" content=\"article\" \/>\n<meta property=\"og:title\" content=\"Przedmiot dzia\u0142alno\u015bci - Sanatoria Dolno\u015bl\u0105skie - BIP\" \/>\n<meta property=\"og:description\" content=\"Podstawowym celem dzia\u0142alno\u015bci Sp\u00f3\u0142ki jest udzielenie \u015bwiadcze\u0144 zdrowotnych polegaj\u0105cych na: zachowaniu, ratowaniu, przywracaniu i poprawie zdrowia pacjent\u00f3w oraz na promocji zdrowia, kt\u00f3rej celem jest umo\u017cliwienie spo\u0142ecze\u0144stwu zwi\u0119kszenie kontroli nad czynnikami warunkuj\u0105cymi stan zdrowia i przez to jego popraw\u0119, promowaniem zdrowego... Dowiedz si\u0119 wi\u0119cejPrzedmiot dzia\u0142alno\u015bci\" \/>\n<meta property=\"og:url\" content=\"https:\/\/bip.sanatoria-dolnoslaskie.pl\/?page_id=20\" \/>\n<meta property=\"og:site_name\" content=\"Sanatoria Dolno\u015bl\u0105skie - BIP\" \/>\n<meta property=\"article:modified_time\" content=\"2024-09-23T10:27:22+00:00\" \/>\n<meta name=\"twitter:card\" content=\"summary_large_image\" \/>\n<meta name=\"twitter:label1\" content=\"Szacowany czas czytania\" \/>\n\t<meta name=\"twitter:data1\" content=\"1 minuta\" \/>\n<script type=\"application\/ld+json\" class=\"yoast-schema-graph\">{\"@context\":\"https:\\\/\\\/schema.org\",\"@graph\":[{\"@type\":\"WebPage\",\"@id\":\"https:\\\/\\\/bip.sanatoria-dolnoslaskie.pl\\\/?page_id=20\",\"url\":\"https:\\\/\\\/bip.sanatoria-dolnoslaskie.pl\\\/?page_id=20\",\"name\":\"Przedmiot dzia\u0142alno\u015bci - Sanatoria Dolno\u015bl\u0105skie - BIP\",\"isPartOf\":{\"@id\":\"https:\\\/\\\/bip.sanatoria-dolnoslaskie.pl\\\/#website\"},\"datePublished\":\"2024-09-23T09:38:52+00:00\",\"dateModified\":\"2024-09-23T10:27:22+00:00\",\"breadcrumb\":{\"@id\":\"https:\\\/\\\/bip.sanatoria-dolnoslaskie.pl\\\/?page_id=20#breadcrumb\"},\"inLanguage\":\"pl-PL\",\"potentialAction\":[{\"@type\":\"ReadAction\",\"target\":[\"https:\\\/\\\/bip.sanatoria-dolnoslaskie.pl\\\/?page_id=20\"]}]},{\"@type\":\"BreadcrumbList\",\"@id\":\"https:\\\/\\\/bip.sanatoria-dolnoslaskie.pl\\\/?page_id=20#breadcrumb\",\"itemListElement\":[{\"@type\":\"ListItem\",\"position\":1,\"name\":\"Home\",\"item\":\"https:\\\/\\\/bip.sanatoria-dolnoslaskie.pl\\\/\"},{\"@type\":\"ListItem\",\"position\":2,\"name\":\"Przedmiot dzia\u0142alno\u015bci\"}]},{\"@type\":\"WebSite\",\"@id\":\"https:\\\/\\\/bip.sanatoria-dolnoslaskie.pl\\\/#website\",\"url\":\"https:\\\/\\\/bip.sanatoria-dolnoslaskie.pl\\\/\",\"name\":\"Sanatoria Dolno\u015bl\u0105skie - BIP\",\"description\":\"\",\"potentialAction\":[{\"@type\":\"SearchAction\",\"target\":{\"@type\":\"EntryPoint\",\"urlTemplate\":\"https:\\\/\\\/bip.sanatoria-dolnoslaskie.pl\\\/?s={search_term_string}\"},\"query-input\":{\"@type\":\"PropertyValueSpecification\",\"valueRequired\":true,\"valueName\":\"search_term_string\"}}],\"inLanguage\":\"pl-PL\"}]}<\/script>\n<!-- \/ Yoast SEO plugin. -->","yoast_head_json":{"title":"Przedmiot dzia\u0142alno\u015bci - Sanatoria Dolno\u015bl\u0105skie - BIP","robots":{"index":"index","follow":"follow","max-snippet":"max-snippet:-1","max-image-preview":"max-image-preview:large","max-video-preview":"max-video-preview:-1"},"canonical":"https:\/\/bip.sanatoria-dolnoslaskie.pl\/?page_id=20","og_locale":"pl_PL","og_type":"article","og_title":"Przedmiot dzia\u0142alno\u015bci - Sanatoria Dolno\u015bl\u0105skie - BIP","og_description":"Podstawowym celem dzia\u0142alno\u015bci Sp\u00f3\u0142ki jest udzielenie \u015bwiadcze\u0144 zdrowotnych polegaj\u0105cych na: zachowaniu, ratowaniu, przywracaniu i poprawie zdrowia pacjent\u00f3w oraz na promocji zdrowia, kt\u00f3rej celem jest umo\u017cliwienie spo\u0142ecze\u0144stwu zwi\u0119kszenie kontroli nad czynnikami warunkuj\u0105cymi stan zdrowia i przez to jego popraw\u0119, promowaniem zdrowego... Dowiedz si\u0119 wi\u0119cejPrzedmiot dzia\u0142alno\u015bci","og_url":"https:\/\/bip.sanatoria-dolnoslaskie.pl\/?page_id=20","og_site_name":"Sanatoria Dolno\u015bl\u0105skie - BIP","article_modified_time":"2024-09-23T10:27:22+00:00","twitter_card":"summary_large_image","twitter_misc":{"Szacowany czas czytania":"1 minuta"},"schema":{"@context":"https:\/\/schema.org","@graph":[{"@type":"WebPage","@id":"https:\/\/bip.sanatoria-dolnoslaskie.pl\/?page_id=20","url":"https:\/\/bip.sanatoria-dolnoslaskie.pl\/?page_id=20","name":"Przedmiot dzia\u0142alno\u015bci - Sanatoria Dolno\u015bl\u0105skie - BIP","isPartOf":{"@id":"https:\/\/bip.sanatoria-dolnoslaskie.pl\/#website"},"datePublished":"2024-09-23T09:38:52+00:00","dateModified":"2024-09-23T10:27:22+00:00","breadcrumb":{"@id":"https:\/\/bip.sanatoria-dolnoslaskie.pl\/?page_id=20#breadcrumb"},"inLanguage":"pl-PL","potentialAction":[{"@type":"ReadAction","target":["https:\/\/bip.sanatoria-dolnoslaskie.pl\/?page_id=20"]}]},{"@type":"BreadcrumbList","@id":"https:\/\/bip.sanatoria-dolnoslaskie.pl\/?page_id=20#breadcrumb","itemListElement":[{"@type":"ListItem","position":1,"name":"Home","item":"https:\/\/bip.sanatoria-dolnoslaskie.pl\/"},{"@type":"ListItem","position":2,"name":"Przedmiot dzia\u0142alno\u015bci"}]},{"@type":"WebSite","@id":"https:\/\/bip.sanatoria-dolnoslaskie.pl\/#website","url":"https:\/\/bip.sanatoria-dolnoslaskie.pl\/","name":"Sanatoria Dolno\u015bl\u0105skie - BIP","description":"","potentialAction":[{"@type":"SearchAction","target":{"@type":"EntryPoint","urlTemplate":"https:\/\/bip.sanatoria-dolnoslaskie.pl\/?s={search_term_string}"},"query-input":{"@type":"PropertyValueSpecification","valueRequired":true,"valueName":"search_term_string"}}],"inLanguage":"pl-PL"}]}},"_links":{"self":[{"href":"https:\/\/bip.sanatoria-dolnoslaskie.pl\/index.php?rest_route=\/wp\/v2\/pages\/20","targetHints":{"allow":["GET"]}}],"collection":[{"href":"https:\/\/bip.sanatoria-dolnoslaskie.pl\/index.php?rest_route=\/wp\/v2\/pages"}],"about":[{"href":"https:\/\/bip.sanatoria-dolnoslaskie.pl\/index.php?rest_route=\/wp\/v2\/types\/page"}],"author":[{"embeddable":true,"href":"https:\/\/bip.sanatoria-dolnoslaskie.pl\/index.php?rest_route=\/wp\/v2\/users\/1"}],"replies":[{"embeddable":true,"href":"https:\/\/bip.sanatoria-dolnoslaskie.pl\/index.php?rest_route=%2Fwp%2Fv2%2Fcomments&post=20"}],"version-history":[{"count":2,"href":"https:\/\/bip.sanatoria-dolnoslaskie.pl\/index.php?rest_route=\/wp\/v2\/pages\/20\/revisions"}],"predecessor-version":[{"id":74,"href":"https:\/\/bip.sanatoria-dolnoslaskie.pl\/index.php?rest_route=\/wp\/v2\/pages\/20\/revisions\/74"}],"wp:attachment":[{"href":"https:\/\/bip.sanatoria-dolnoslaskie.pl\/index.php?rest_route=%2Fwp%2Fv2%2Fmedia&parent=20"}],"curies":[{"name":"wp","href":"https:\/\/api.w.org\/{rel}","templated":true}]}}